{"id":30667,"date":"2021-09-21T07:35:20","date_gmt":"2021-09-21T06:35:20","guid":{"rendered":"https:\/\/fundaciosetba.org\/aviso-legal\/"},"modified":"2026-01-08T12:41:52","modified_gmt":"2026-01-08T11:41:52","slug":"aviso-legal","status":"publish","type":"page","link":"https:\/\/fundaciosetba.org\/es\/aviso-legal\/","title":{"rendered":"Aviso legal"},"content":{"rendered":"<section class=\"l-section wpb_row height_custom\"><div class=\"l-section-h i-cf\"><div class=\"g-cols vc_row via_flex valign_top type_default stacking_default\"><div class=\"vc_col-sm-12 wpb_column vc_column_container\"><div class=\"vc_column-inner\"><div class=\"wpb_wrapper\"><div class=\"wpb_text_column\"><div class=\"wpb_wrapper\"><p>FUNDACI\u00d3 SETBA es la sociedad titular de esta Web. Para dar cumplimiento a la Ley 34\/2002 de Servicios de la Sociedad de la informaci\u00f3n comunicamos a continuaci\u00f3n los siguientes datos:<\/p>\n<p><strong style=\"font-family: inherit;\">FUNDACION SETBA<\/strong><\/p>\n<div>\n<p>NIF: G-66363953<br \/>\nPlaza Real 10, 1\u00ba 2\u00aa<br \/>\n08002 Barcelona<br \/>\nTelf. 93 481 36 96<br \/>\nemail: info@fundaciosetba.org<\/p>\n<div>Inscrita en el Registro de Fundaciones con el n\u00fam. 2867.<\/div>\n<div><\/div>\n<h3>1.- Condiciones de uso<\/h3>\n<div> El usuario se obliga a utilizar la informaci\u00f3n contenida en la presente p\u00e1gina Web por sus propias necesidades exclusivamente ya no realizar directa o indirectamente ning\u00fan tipo de explotaci\u00f3n comercial de los contenidos y servicios a los que tenga acceso. El usuario tendr\u00e1 derecho al acceso libre y gratuito de la informaci\u00f3n p\u00fablica recogida a trav\u00e9s de la misma, si bien la Fundaci\u00f3n se reserva el derecho a restringir el acceso a determinadas secciones y servicios del Portal.<\/div>\n<div><\/div>\n<div>Es intenci\u00f3n de la Fundaci\u00f3n ofrecer en todo momento una informaci\u00f3n veraz y actualizada. Sin embargo, esta informaci\u00f3n puede contener incorrecciones tipogr\u00e1ficas o incluso t\u00e9cnicas y la Fundaci\u00f3n no se responsabiliza de la idoneidad de la informaci\u00f3n contenida en la Web.<\/div>\n<h3> 2.- Enlaces a terceros (Links)<\/h3>\n<div>Esta Web puede ofrecer distintos enlaces con otras p\u00e1ginas Web de terceros, cuyo contenido puede variar, de forma r\u00e1pida, por las caracter\u00edsticas propias de Internet. Por tanto la Fundaci\u00f3n no se hace responsable de las informaciones, servicios y contenidos en general de estas p\u00e1ginas Web de terceros.<\/div>\n<div><\/div>\n<div>Cualquier p\u00e1gina externa a la que se acceda a trav\u00e9s de la Web de la Fundaci\u00f3n es independiente por lo que la entidad no tiene control alguno hacia el contenido de las p\u00e1ginas de terceros. Un enlace con cualquier otra p\u00e1gina que no sea de la Fundaci\u00f3n no implica que \u00e9ste apoye o acepte ninguna responsabilidad por su contenido o uso.<\/div>\n<div><\/div>\n<div>En caso de que la Fundaci\u00f3n tuviera conocimiento efectivo de que la actividad o la informaci\u00f3n a la que remiten estos enlaces fuera il\u00edcita, constitutiva de delito o que pueda lesionar bienes o derechos de terceros susceptibles de indemnizaci\u00f3n, actuar\u00e1 con la diligencia necesaria para suprimir el enlace correspondiente a la mayor brevedad posible.<\/div>\n<h3>3.- Contenido sobre el website<\/h3>\n<div>En la Web se presentan los artistas, proyectos, actividades y espacio, entre otros, de la Fundaci\u00f3 Setba. Fundaci\u00f3 Setba, se reserva el derecho de modificar la informaci\u00f3n y\/o el contenido sin previo aviso.<\/div>\n<div><\/div>\n<div>Las im\u00e1genes de algunas obras puede que no se correspondan con la obra original por factores tecnol\u00f3gicos de color, luz, y\/o encuadre de la fotograf\u00eda, ajenos a Fundaci\u00f3 Setba.<\/div>\n<div><\/div>\n<div>La Fundaci\u00f3 Setba no garantiza la disponibilidad de la\/s obra(s) expuestas en la web. Para conocer la disponibilidad de una obra, es preferible acudir o llamar a la Fundaci\u00f3 Setba (934813696).<\/div>\n<h3> 4.- Derechos de propiedad intelectual<\/h3>\n<div>Las fotograf\u00edas, textos y dise\u00f1os son propiedad de la Fundaci\u00f3n Setba o de cada artista que han autorizado expresamente a la Fundaci\u00f3n Setba para utilizarlos.<\/div>\n<div>Todo el material (texto, im\u00e1genes, audio y v\u00eddeo clips, etc.) que forma parte de esta p\u00e1gina web es propiedad de la Fundaci\u00f3 Setba y puede estar protegido asimismo por otras restricciones de copyright; otras personas y entidades pueden ser tambi\u00e9n titulares de este material, adem\u00e1s de la Fundaci\u00f3 Setba.<\/div>\n<div><\/div>\n<div>La Fundaci\u00f3 Setba permite la reproducci\u00f3n de los textos no firmados, que pueden ser reproducidos con fines no comerciales, siempre que se respete su integridad, se cite expresamente la fuente y su copyright y no se lesionen los intereses de la Fundaci\u00f3 Setba. Cualquier otro uso de estos textos est\u00e1 espec\u00edficamente prohibido.<\/div>\n<div><\/div>\n<div>Las reproducciones, en soporte papel o inform\u00e1tico, de todo o parte del contenido del citado web est\u00e1n autorizadas bajo la condici\u00f3n de que su uso sea estrictamente personal, excluyendo todo aqu\u00e9l con fines publicitarios y\/o comerciales. El acceso a la web ya sus contenidos no implica licencia alguna para su reproducci\u00f3n y\/o distribuci\u00f3n y no est\u00e1 permitido hacerlo sin la previa autorizaci\u00f3n de la Fundaci\u00f3 Setba. La reproducci\u00f3n, y\/o manipulaci\u00f3n sin previa autorizaci\u00f3n est\u00e1 estrictamente prohibida y constituye un delito.<\/div>\n<h3>5.- Propiedad industrial<\/h3>\n<div>El nombre Fundaci\u00f3 Setba y el logotipo, son marcas registradas. Queda terminantemente prohibida su reproducci\u00f3n.<\/div>\n<div><\/div>\n<h3>6.- \u00c9tica y responsabilidad del usuario de la p\u00e1gina Web corporativa<\/h3>\n<div> La Fundaci\u00f3n no ser\u00e1 en ning\u00fan caso responsable del uso de la Web que realice el usuario. El usuario se abstendr\u00e1 de llevar a cabo cualquier conducta en el uso de la Web o de los recursos puestos a su disposici\u00f3n que vaya en contra de los derechos de propiedad intelectual o industrial de la Fundaci\u00f3n o de terceros, que vulneren honor, la intimidad personal o familiar o la imagen a terceros, o que sean il\u00edcitos o vayan en contra de la moralidad y dejar\u00e1 en todo caso indemne a la entidad ante cualquier reclamaci\u00f3n, judicial o extrajudicial, que se presente como a consecuencia de ese uso. El usuario se abstendr\u00e1 de llevar a cabo por cualquier medio la destrucci\u00f3n, alteraci\u00f3n, inutilizaci\u00f3n o da\u00f1os de los datos, programas o documentos electr\u00f3nicos que pertenezcan a la entidad, as\u00ed como la introducci\u00f3n o difusi\u00f3n en la red de programas, virus, applets, o cualquier instrumento f\u00edsico o electr\u00f3nico que causen cualquier tipo de alteraci\u00f3n en la red, en el sistema, o en los equipos de terceros.<\/div>\n<h3>7.- Ley aplicable \u2013 Jurisdicci\u00f3n<\/h3>\n<div> La resoluci\u00f3n de cualquier controversia o divergencia relacionada con esta Web se regir\u00e1 por la legislaci\u00f3n espa\u00f1ola y con competencia los Juzgados y Tribunales de la ciudad de Barcelona.<\/div>\n<\/div>\n<\/div><\/div><\/div><\/div><\/div><\/div><\/div><\/section>\n","protected":false},"excerpt":{"rendered":"FUNDACI\u00d3 SETBA es la sociedad titular de esta Web. Para dar cumplimiento a la Ley 34\/2002 de Servicios de la Sociedad de la informaci\u00f3n comunicamos a continuaci\u00f3n los siguientes datos: FUNDACION SETBA NIF: G-66363953 Plaza Real 10, 1\u00ba 2\u00aa 08002 Barcelona Telf. 93 481 36 96 email: info@fundaciosetba.org Inscrita en el Registro de Fundaciones con...","protected":false},"author":1,"featured_media":0,"parent":0,"menu_order":0,"comment_status":"closed","ping_status":"open","template":"","meta":{"footnotes":""},"class_list":["post-30667","page","type-page","status-publish","hentry"],"_links":{"self":[{"href":"https:\/\/fundaciosetba.org\/es\/wp-json\/wp\/v2\/pages\/30667","targetHints":{"allow":["GET"]}}],"collection":[{"href":"https:\/\/fundaciosetba.org\/es\/wp-json\/wp\/v2\/pages"}],"about":[{"href":"https:\/\/fundaciosetba.org\/es\/wp-json\/wp\/v2\/types\/page"}],"author":[{"embeddable":true,"href":"https:\/\/fundaciosetba.org\/es\/wp-json\/wp\/v2\/users\/1"}],"replies":[{"embeddable":true,"href":"https:\/\/fundaciosetba.org\/es\/wp-json\/wp\/v2\/comments?post=30667"}],"version-history":[{"count":4,"href":"https:\/\/fundaciosetba.org\/es\/wp-json\/wp\/v2\/pages\/30667\/revisions"}],"predecessor-version":[{"id":41275,"href":"https:\/\/fundaciosetba.org\/es\/wp-json\/wp\/v2\/pages\/30667\/revisions\/41275"}],"wp:attachment":[{"href":"https:\/\/fundaciosetba.org\/es\/wp-json\/wp\/v2\/media?parent=30667"}],"curies":[{"name":"wp","href":"https:\/\/api.w.org\/{rel}","templated":true}]}}