{"id":30691,"date":"2021-12-10T21:34:19","date_gmt":"2021-12-10T20:34:19","guid":{"rendered":"https:\/\/fundaciosetba.org\/politica-de-galletas\/"},"modified":"2026-01-08T12:39:32","modified_gmt":"2026-01-08T11:39:32","slug":"politica-de-galletas","status":"publish","type":"page","link":"https:\/\/fundaciosetba.org\/es\/politica-de-galletas\/","title":{"rendered":"Pol\u00edtica de galletas"},"content":{"rendered":"<section class=\"l-section wpb_row height_custom\"><div class=\"l-section-h i-cf\"><div class=\"g-cols vc_row via_flex valign_top type_default stacking_default\"><div class=\"vc_col-sm-12 wpb_column vc_column_container\"><div class=\"vc_column-inner\"><div class=\"wpb_wrapper\"><div class=\"wpb_text_column\"><div class=\"wpb_wrapper\"><p><span style=\"font-weight: 400;\">De acuerdo con la \u2018Ley 34\/2002 de Servicios de la Sociedad\u00a0 de la Informaci\u00f3n y Comercio Electr\u00f3nico\u2019 (LSSICE), es obligatorio obtener el consentimiento expreso del usuario en todas las p\u00e1ginas web que utilizan cookies prescindibles antes de que este navegue por ellas.<\/span><\/p>\n<p><span style=\"font-weight: 400;\">En consecuencia, a continuaci\u00f3n, explicamos qu\u00e9 son las cookies, para qu\u00e9 sirven y c\u00f3mo puede configurarlas o desactivarlas si as\u00ed lo desea. Adem\u00e1s, les informamos sobre los tipos de cookies que existen y con qu\u00e9 finalidad se utilizan.<\/span><\/p>\n<p><span style=\"font-weight: 400;\">En <\/span><span style=\"font-weight: 400;\">www.fundaciosetba.org<\/span><span style=\"font-weight: 400;\"> utilizamos cookies para garantizar el funcionamiento de nuestro sitio web, as\u00ed como para mejorar los contenidos mediante el an\u00e1lisis de los h\u00e1bitos de navegaci\u00f3n de los usuarios.<\/span><\/p>\n<p><b>\u00bfQU\u00c9 SON LAS COOKIES?<\/b><\/p>\n<p><span style=\"font-weight: 400;\">Una galleta es un peque\u00f1o archivo de texto que se almacena en su navegador cuando visita algunas p\u00e1ginas web. Su funci\u00f3n es recuperar informaci\u00f3n sobre los visitantes<\/span><\/p>\n<p><span style=\"font-weight: 400;\">Las cookies suelen almacenar informaci\u00f3n de car\u00e1cter t\u00e9cnico, preferencias personales, personalizaci\u00f3n de contenidos, estad\u00edsticas de uso, enlaces a redes sociales, acceso a cuentas de usuario, etc. El objetivo de la cookie es adaptar el contenido del sitio web a su perfil y necesidades. Sin cookies, los servicios ofrecidos por cualquier p\u00e1gina se ver\u00edan notablemente mermados.<\/span><\/p>\n<p><b>\u00bfQU\u00c9 TIPOS DE COOKIES EXISTEN?<\/b><\/p>\n<ol>\n<li><span style=\"font-weight: 400;\"> Seg\u00fan la entidad que las gestione<\/span><\/li>\n<\/ol>\n<p><span style=\"font-weight: 400;\">Seg\u00fan la entidad que gestione el equipo o el dominio desde donde se env\u00edan las cookies y trate los datos que se obtengan, podemos distinguir:<\/span><\/p>\n<ol>\n<li><span style=\"font-weight: 400;\">a) Cookies propias: son aquellas que se env\u00edan al equipo terminal del usuario desde un equipo o dominio gestionado por el mismo editor y desde el cual se presta el servicio solicitado por el usuario.<\/span><\/li>\n<li><span style=\"font-weight: 400;\">b) Cookies de terceros: son aquellas que se env\u00edan al equipo terminal del usuario desde un equipo o dominio que no es gestionado por el editor, sino por otra entidad que trata los datos obtenidos a trav\u00e9s de las cookies.<\/span><\/li>\n<li><span style=\"font-weight: 400;\"> Seg\u00fan la finalidad<\/span><\/li>\n<\/ol>\n<p><span style=\"font-weight: 400;\">Las datos obtenidos a trav\u00e9s de las cookies se pueden tratar para algunas de las siguientes finalidades:<\/span><\/p>\n<ol>\n<li><span style=\"font-weight: 400;\">a) Cookies t\u00e9cnicas: son aquellas que permiten al usuario la navegaci\u00f3n a trav\u00e9s de una p\u00e1gina web, plataforma o aplicaci\u00f3n y la utilizaci\u00f3n de las diferentes opciones o servicios que haya, incluyendo aquellas que el editor utiliza para permitir la gesti\u00f3n y operativa de la p\u00e1gina web y habilitar sus funciones y servicios, por ejemplo, controlar el tr\u00e1fico y la comunicaci\u00f3n de datos, identificar la sesi\u00f3n, acceder a zonas restringidas, recordar los elementos que integran un pedido, realizar el proceso de compra de un pedido, gestionar el pago, realizar la solicitud de inscripci\u00f3n o participaci\u00f3n en un evento), almacenar contenidos para la difusi\u00f3n de v\u00eddeos o sonido, habilitar contenidos din\u00e1micos o compartir contenidos a trav\u00e9s de redes sociales.<\/span><\/li>\n<li><span style=\"font-weight: 400;\">b) Cookies de preferencias o personalizaci\u00f3n: son aquellas que permiten recordar informaci\u00f3n para que el usuario acceda al servicio con determinadas caracter\u00edsticas que pueden diferenciar su experiencia de la de otros usuarios, por ejemplo, el idioma, el n\u00famero de resultados que se deben mostrar cuando el usuario realiza una b\u00fasqueda, el aspecto o el contenido del servicio en funci\u00f3n del tipo de navegador a trav\u00e9s del cual el usuario accede al servicio o de la regi\u00f3n desde la cual accede al servicio, etc<\/span><\/li>\n<li><span style=\"font-weight: 400;\">c) Cookies de an\u00e1lisis o medici\u00f3n: son aquellas que permiten al responsable de estas, el seguimiento y el an\u00e1lisis del comportamiento de los usuarios de los sitios web a los que est\u00e1n vinculadas, incluida la cuantificaci\u00f3n de los impactos de los anuncios. La informaci\u00f3n recopilada mediante este tipo de cookies se utiliza en la medici\u00f3n de la actividad de los sitios web, aplicaciones o plataformas, con el fin de introducir mejoras basadas en el an\u00e1lisis de los datos de uso que realizan los usuarios del servicio.<\/span><\/li>\n<li><span style=\"font-weight: 400;\">d) Cookies de publicidad comportamental: son aquellas que almacenan informaci\u00f3n del comportamiento de los usuarios obtenida a trav\u00e9s de la observaci\u00f3n continua de sus h\u00e1bitos de navegaci\u00f3n, lo que permite desarrollar un perfil espec\u00edfico para mostrar publicidad en funci\u00f3n de este.<\/span><\/li>\n<li><span style=\"font-weight: 400;\"> Seg\u00fan el t\u00e9rmino de tiempo que permanecen activadas<\/span><\/li>\n<\/ol>\n<p><span style=\"font-weight: 400;\">Seg\u00fan el t\u00e9rmino de tiempo que permanecen activadas en el equipo terminal, podemos distinguir:<\/span><\/p>\n<ol>\n<li><span style=\"font-weight: 400;\">a) Cookies de sesi\u00f3n: son aquellas dise\u00f1adas para solicitar y almacenar datos mientras el usuario accede a una p\u00e1gina web. Se suelen utilizar para almacenar informaci\u00f3n que solo interesa conservar para la prestaci\u00f3n del servicio solicitado por el usuario en una sola ocasi\u00f3n, por ejemplo, una lista de productos adquiridos, y que, por lo tanto, desaparecen al finalizar la sesi\u00f3n.<\/span><\/li>\n<li><span style=\"font-weight: 400;\">b) Cookies persistentes: son aquellas en las que los datos siguen almacenados en el terminal y pueden ser accedidos y tratados durante un per\u00edodo definido por el responsable de la cookie, que puede ir desde unos minutos hasta varios a\u00f1os.<\/span><\/li>\n<\/ol>\n<p><b>\u00bfQU\u00c9 COOKIES UTILIZAMOS?<\/b><\/p>\n<div>Cookies propias. FUNDACI\u00d3 SETBA informa que la navegaci\u00f3n de un usuario por esta p\u00e1gina web deja como rastro la direcci\u00f3n IP que ha sido asignada por su proveedor de acceso a Internet. S\u00f3lo se utiliza \u00e9sta para fines exclusivamente internos, como son las estad\u00edsticas de acceso al portal.<\/div>\n<div><\/div>\n<div>Esta p\u00e1gina web utiliza cookies propias persistentes con las siguientes finalidades:<\/div>\n<div><\/div>\n<div>Cookies de an\u00e1lisis. Permiten cuantificar el n\u00famero de usuarios y as\u00ed realizar la medici\u00f3n y an\u00e1lisis estad\u00edstico de la utilizaci\u00f3n y actividad que realizan los usuarios de nuestra p\u00e1gina web, as\u00ed como elaborar perfiles de navegaci\u00f3n de los usuarios en estas p\u00e1ginas y en nuestras aplicaciones, todo ello con la finalidad de introducir mejoras.<\/div>\n<div><\/div>\n<div>Cookies t\u00e9cnicas. Permiten al usuario la navegaci\u00f3n a trav\u00e9s de la p\u00e1gina web y la utilizaci\u00f3n de las diferentes opciones o servicios que existan como, por ejemplo, controlar el tr\u00e1fico y la comunicaci\u00f3n de datos, identificar la sesi\u00f3n, acceder a partes de acceso restringido , recordar los elementos que integran un pedido, realizar el proceso de compra de un pedido, realizar la solicitud de inscripci\u00f3n o participaci\u00f3n en un evento, utilizar elementos de seguridad durante la navegaci\u00f3n o almacenar, difundir y\/o compartir contenidos.<\/div>\n<p><b>\u00bfC\u00d3MO CONFIGURAR LAS COOKIES?<\/b><\/p>\n<p><span style=\"font-weight: 400;\">Puedes aceptar o rechazar el uso de cookies a trav\u00e9s del centro de Configuraci\u00f3 de cookies.<\/span><\/p>\n<p><span style=\"font-weight: 400;\">Para acceder al centro de configuraci\u00f3n, puedes hacerlo desde el mensaje de informaci\u00f3n b\u00e1sica o desde el enlace que aparece en este apartado de la pol\u00edtica. En este centro podr\u00e1s dar tu consentimiento y\/o retirar un consentimiento previo sobre el uso de las cookies.<\/span><\/p>\n<p><b>Configuraci\u00f3n del navegador<\/b><\/p>\n<p><b>Chrome<\/b><\/p>\n<p><a href=\"http:\/\/support.google.com\/chrome\/answer\/95647?hl=es\"><span style=\"font-weight: 400;\">http:\/\/support.google.com\/chrome\/answer\/95647?hl=es<\/span><\/a><\/p>\n<p><b>Internet Explorer<\/b><\/p>\n<p><a href=\"https:\/\/support.microsoft.com\/es-es\/kb\/278835\"><span style=\"font-weight: 400;\">https:\/\/support.microsoft.com\/es-es\/kb\/278835<\/span><\/a><\/p>\n<p><b>Firefox<\/b><\/p>\n<p><a href=\"https:\/\/www.mozilla.org\/es-ES\/privacy\/websites\/#cookies\"><span style=\"font-weight: 400;\">https:\/\/www.mozilla.org\/es-ES\/privacy\/websites\/#cookies<\/span><\/a><\/p>\n<p><b>Safari Versi\u00f3n\u00a0<\/b><\/p>\n<p><a href=\"http:\/\/support.apple.com\/kb\/PH5042\"><span style=\"font-weight: 400;\">http:\/\/support.apple.com\/kb\/PH5042<\/span><\/a><\/p>\n<p><b>Opera<\/b><\/p>\n<p><a href=\"https:\/\/help.opera.com\/en\/latest\/web-preferences\/\"><span style=\"font-weight: 400;\">https:\/\/help.opera.com\/en\/latest\/web-preferences\/<\/span><\/a><\/p>\n<p><b>Otros navegadores<\/b><\/p>\n<p><span style=\"font-weight: 400;\">Consulte la documentaci\u00f3n del navegador que tenga instalado.<\/span><\/p>\n<\/div><\/div><\/div><\/div><\/div><\/div><\/div><\/section>\n","protected":false},"excerpt":{"rendered":"De acuerdo con la \u2018Ley 34\/2002 de Servicios de la Sociedad\u00a0 de la Informaci\u00f3n y Comercio Electr\u00f3nico\u2019 (LSSICE), es obligatorio obtener el consentimiento expreso del usuario en todas las p\u00e1ginas web que utilizan cookies prescindibles antes de que este navegue por ellas. En consecuencia, a continuaci\u00f3n, explicamos qu\u00e9 son las cookies, para qu\u00e9 sirven y...","protected":false},"author":1,"featured_media":0,"parent":0,"menu_order":0,"comment_status":"closed","ping_status":"open","template":"","meta":{"footnotes":""},"class_list":["post-30691","page","type-page","status-publish","hentry"],"_links":{"self":[{"href":"https:\/\/fundaciosetba.org\/es\/wp-json\/wp\/v2\/pages\/30691","targetHints":{"allow":["GET"]}}],"collection":[{"href":"https:\/\/fundaciosetba.org\/es\/wp-json\/wp\/v2\/pages"}],"about":[{"href":"https:\/\/fundaciosetba.org\/es\/wp-json\/wp\/v2\/types\/page"}],"author":[{"embeddable":true,"href":"https:\/\/fundaciosetba.org\/es\/wp-json\/wp\/v2\/users\/1"}],"replies":[{"embeddable":true,"href":"https:\/\/fundaciosetba.org\/es\/wp-json\/wp\/v2\/comments?post=30691"}],"version-history":[{"count":4,"href":"https:\/\/fundaciosetba.org\/es\/wp-json\/wp\/v2\/pages\/30691\/revisions"}],"predecessor-version":[{"id":39286,"href":"https:\/\/fundaciosetba.org\/es\/wp-json\/wp\/v2\/pages\/30691\/revisions\/39286"}],"wp:attachment":[{"href":"https:\/\/fundaciosetba.org\/es\/wp-json\/wp\/v2\/media?parent=30691"}],"curies":[{"name":"wp","href":"https:\/\/api.w.org\/{rel}","templated":true}]}}