{"id":40663,"date":"2025-11-24T18:18:48","date_gmt":"2025-11-24T17:18:48","guid":{"rendered":"https:\/\/fundaciosetba.org\/producte\/callejeando-de-dolores-sicilia\/"},"modified":"2025-11-24T18:18:48","modified_gmt":"2025-11-24T17:18:48","slug":"callejeando-de-dolores-sicilia","status":"publish","type":"product","link":"https:\/\/fundaciosetba.org\/es\/producte\/callejeando-de-dolores-sicilia\/","title":{"rendered":"Callejeando de Dolores Sicilia"},"content":{"rendered":"<p><em>Callejeando<\/em> es una obra creada por Dolores Sicilia de la Fundaci\u00f3n Ampans. Esta pieza fue finalista en el Premi Setba 2025, el certamen mejor dotado del Estado para artistas con discapacidad intelectual. <\/p>\n<p>Con la venta de este cuadro, colaboras en reconocer el talento del artista y en financiar el proyecto de formaci\u00f3n art\u00edstica que realizamos para entidades que trabajan con personas con discapacidad intelectual y que lleva como t\u00edtulo de <a href=\"https:\/\/fundaciosetba.org\/es\/projecte\/magistrals-premio-setba\/\">Magistrales<\/a> .<\/p>\n<p>El jurado de la decimoquinta edici\u00f3n del Premio Setba ha estado formado por:<\/p>\n<ul>\n<li><strong>Montserrat Gonz\u00e1lez<\/strong> , responsable de comunicaci\u00f3n del Instituto de Cultura de Barcelona (ICUB)<\/li>\n<li><strong>M\u00f2nica Ramon<\/strong> , directora de la galer\u00eda Artur Ramon Espacio de Arte y vicepresidenta del Gremio de Galer\u00edas de Arte de Catalu\u00f1a<\/li>\n<li><strong>Montserrat Sampietro<\/strong> , del Departamento de Actividades de Cultura y Ciencia de la Fundaci\u00f3n \u201cla Caixa\u201d<\/li>\n<li><strong>Cristina Sampere<\/strong> , artista y directora de la Fundaci\u00f3n Setba<\/li>\n<li><strong>Jos\u00e9 Manuel Jaurena<\/strong> , gerente de Pinturas Mir<\/li>\n<\/ul>\n<p>De entre 1.125 obras presentadas, el jurado destac\u00f3 a <em>Callejeando<\/em> por la excelencia t\u00e9cnica y la coherencia con el t\u00edtulo.<\/p>\n","protected":false},"excerpt":{"rendered":"<p>PIEZA \u00daNICA<br \/>\n Artista: Dolores Sicilia de la Fundaci\u00f3n Ampans<br \/>\n T\u00e9cnica: bol\u00edgrafo<br \/>\n Dimensiones: 70 x 50 cm<\/p>\n","protected":false},"featured_media":40579,"template":"","meta":[],"product_brand":[],"product_cat":[1224],"product_tag":[],"class_list":{"0":"post-40663","1":"product","2":"type-product","3":"status-publish","4":"has-post-thumbnail","6":"product_cat-obras-premio-setba","8":"first","9":"instock","10":"taxable","11":"shipping-taxable","12":"purchasable","13":"product-type-variable"},"_links":{"self":[{"href":"https:\/\/fundaciosetba.org\/es\/wp-json\/wp\/v2\/product\/40663","targetHints":{"allow":["GET"]}}],"collection":[{"href":"https:\/\/fundaciosetba.org\/es\/wp-json\/wp\/v2\/product"}],"about":[{"href":"https:\/\/fundaciosetba.org\/es\/wp-json\/wp\/v2\/types\/product"}],"wp:featuredmedia":[{"embeddable":true,"href":"https:\/\/fundaciosetba.org\/es\/wp-json\/wp\/v2\/media\/40579"}],"wp:attachment":[{"href":"https:\/\/fundaciosetba.org\/es\/wp-json\/wp\/v2\/media?parent=40663"}],"wp:term":[{"taxonomy":"product_brand","embeddable":true,"href":"https:\/\/fundaciosetba.org\/es\/wp-json\/wp\/v2\/product_brand?post=40663"},{"taxonomy":"product_cat","embeddable":true,"href":"https:\/\/fundaciosetba.org\/es\/wp-json\/wp\/v2\/product_cat?post=40663"},{"taxonomy":"product_tag","embeddable":true,"href":"https:\/\/fundaciosetba.org\/es\/wp-json\/wp\/v2\/product_tag?post=40663"}],"curies":[{"name":"wp","href":"https:\/\/api.w.org\/{rel}","templated":true}]}}